{"id":801,"date":"2023-09-14T14:59:18","date_gmt":"2023-09-14T14:59:18","guid":{"rendered":"https:\/\/renovagroupsrl.com\/home\/"},"modified":"2024-06-04T13:59:43","modified_gmt":"2024-06-04T13:59:43","slug":"home","status":"publish","type":"page","link":"https:\/\/renovagroupsrl.com\/fr\/","title":{"rendered":"Home"},"content":{"rendered":"\t\t<div data-elementor-type=\"wp-page\" data-elementor-id=\"801\" class=\"elementor elementor-801 elementor-12\" data-elementor-post-type=\"page\">\n\t\t\t\t<div class=\"elementor-element elementor-element-a7a023a e-flex e-con-boxed e-con e-parent\" data-id=\"a7a023a\" data-element_type=\"container\" data-e-type=\"container\">\n\t\t\t\t\t<div class=\"e-con-inner\">\n\t\t\t\t<div class=\"elementor-element elementor-element-64b2a3b elementor-hidden-mobile elementor-widget elementor-widget-heading\" data-id=\"64b2a3b\" data-element_type=\"widget\" data-e-type=\"widget\" data-widget_type=\"heading.default\">\n\t\t\t\t<div class=\"elementor-widget-container\">\n\t\t\t\t\t<h1 class=\"elementor-heading-title elementor-size-default\">RENOVA - RESTRUCTURATIONS DE BATIMENTS EN LIGURIE ET COTE D\u2019AZUR<\/h1>\t\t\t\t<\/div>\n\t\t\t\t<\/div>\n\t\t\t\t<div class=\"elementor-element elementor-element-814eec6 elementor-hidden-desktop elementor-hidden-tablet elementor-widget elementor-widget-heading\" data-id=\"814eec6\" data-element_type=\"widget\" data-e-type=\"widget\" data-widget_type=\"heading.default\">\n\t\t\t\t<div class=\"elementor-widget-container\">\n\t\t\t\t\t<h1 class=\"elementor-heading-title elementor-size-default\">Renova<br>\nRESTRUCTURATIONS DE BATIMENTS EN LIGURIE ET COTE D\u2019AZUR<\/h1>\t\t\t\t<\/div>\n\t\t\t\t<\/div>\n\t\t\t\t<div class=\"elementor-element elementor-element-03d379f elementor-widget elementor-widget-heading\" data-id=\"03d379f\" data-element_type=\"widget\" data-e-type=\"widget\" data-widget_type=\"heading.default\">\n\t\t\t\t<div class=\"elementor-widget-container\">\n\t\t\t\t\t<p class=\"elementor-heading-title elementor-size-default\">R\u00e9nover ne signifie pas seulement r\u00e9organiser les espaces :\u00a0<strong>Renova<\/strong> est l'entreprise de construction n\u00e9e pour donner une nouvelle vie aux environnements et garantir \u00e0 ses clients un <strong>service de r\u00e9novation cl\u00e9 en main<\/strong>.<\/p>\t\t\t\t<\/div>\n\t\t\t\t<\/div>\n\t\t\t\t\t<\/div>\n\t\t\t\t<\/div>\n\t\t<div class=\"elementor-element elementor-element-ef95010 e-con-full e-flex e-con e-parent\" data-id=\"ef95010\" data-element_type=\"container\" data-e-type=\"container\" data-settings=\"{&quot;background_background&quot;:&quot;classic&quot;}\">\n\t\t\t\t<\/div>\n\t\t<div class=\"elementor-element elementor-element-44f9ce4 e-flex e-con-boxed e-con e-parent\" data-id=\"44f9ce4\" data-element_type=\"container\" data-e-type=\"container\">\n\t\t\t\t\t<div class=\"e-con-inner\">\n\t\t<div class=\"elementor-element elementor-element-539b1b8 e-con-full e-flex e-con e-child\" data-id=\"539b1b8\" data-element_type=\"container\" data-e-type=\"container\">\n\t\t\t\t<div class=\"elementor-element elementor-element-5f7af5c elementor-widget elementor-widget-heading\" data-id=\"5f7af5c\" data-element_type=\"widget\" data-e-type=\"widget\" data-widget_type=\"heading.default\">\n\t\t\t\t<div class=\"elementor-widget-container\">\n\t\t\t\t\t<h2 class=\"elementor-heading-title elementor-size-default\">L'entreprise sur laquelle vous pouvez compter pour tous types d\u2019intervention dans le secteur du b\u00e2timent.<\/h2>\t\t\t\t<\/div>\n\t\t\t\t<\/div>\n\t\t\t\t<div class=\"elementor-element elementor-element-7cc729c elementor-align-left elementor-widget elementor-widget-button\" data-id=\"7cc729c\" data-element_type=\"widget\" data-e-type=\"widget\" data-widget_type=\"button.default\">\n\t\t\t\t<div class=\"elementor-widget-container\">\n\t\t\t\t\t\t\t\t\t<div class=\"elementor-button-wrapper\">\n\t\t\t\t\t<a class=\"elementor-button elementor-button-link elementor-size-lg\" href=\"https:\/\/renovagroupsrl.com\/fr\/contacts\/\">\n\t\t\t\t\t\t<span class=\"elementor-button-content-wrapper\">\n\t\t\t\t\t\t<span class=\"elementor-button-icon\">\n\t\t\t\t<svg xmlns=\"http:\/\/www.w3.org\/2000\/svg\" xmlns:xlink=\"http:\/\/www.w3.org\/1999\/xlink\" id=\"Arrow\" x=\"0px\" y=\"0px\" viewBox=\"0 0 42.8 18\" style=\"enable-background:new 0 0 42.8 18;\" xml:space=\"preserve\"><g id=\"Raggruppa_2\">\t<path id=\"Tracciato_1\" d=\"M42.8,9c0-0.2-0.1-0.5-0.3-0.7L35,0.3c-0.4-0.4-1-0.4-1.3,0c0,0,0,0,0,0c-0.4,0.4-0.4,1,0,1.3l6.1,6.5  H0.9C0.4,8.1,0,8.5,0,9c0,0.5,0.4,0.9,0.9,0.9h38.7l-6.1,6.5c-0.3,0.4-0.3,1,0,1.3c0.4,0.4,1,0.3,1.3,0c0,0,0,0,0,0l7.6-8.1  C42.7,9.5,42.8,9.2,42.8,9L42.8,9z\"><\/path><\/g><\/svg>\t\t\t<\/span>\n\t\t\t\t\t\t\t\t\t<span class=\"elementor-button-text\">Contactez-nous pour plus d'informations<\/span>\n\t\t\t\t\t<\/span>\n\t\t\t\t\t<\/a>\n\t\t\t\t<\/div>\n\t\t\t\t\t\t\t\t<\/div>\n\t\t\t\t<\/div>\n\t\t\t\t<\/div>\n\t\t\t\t<div class=\"elementor-element elementor-element-37f8690 elementor-widget__width-initial elementor-widget elementor-widget-text-editor\" data-id=\"37f8690\" data-element_type=\"widget\" data-e-type=\"widget\" data-widget_type=\"text-editor.default\">\n\t\t\t\t<div class=\"elementor-widget-container\">\n\t\t\t\t\t\t\t\t\t<p>Nous op\u00e9rons aussi bien en Italie qu&rsquo;en France pour r\u00e9pondre aux demandes les plus particuli\u00e8res. L&rsquo;exp\u00e9rience acquise au fil des ann\u00e9es et le professionnalisme de nos collaborateurs nous permettent de <strong>donner forme \u00e0 des projets sur mesure<\/strong>, visant \u00e9galement \u00e0 <strong>am\u00e9liorer l&rsquo;efficacit\u00e9 \u00e9nerg\u00e9tique des maisons<\/strong>.<\/p><p>Ceux qui choisissent Renova ont donc l&rsquo;avantage de s&rsquo;interfacer avec un <strong>seul interlocuteur<\/strong> pour une <strong>intervention en b\u00e2timent : plus rapide, plus ponctuel, plus fiable.<\/strong><\/p>\t\t\t\t\t\t\t\t<\/div>\n\t\t\t\t<\/div>\n\t\t\t\t\t<\/div>\n\t\t\t\t<\/div>\n\t\t<div class=\"elementor-element elementor-element-b12a804 e-con-full e-flex e-con e-parent\" data-id=\"b12a804\" data-element_type=\"container\" data-e-type=\"container\">\n\t\t\t\t<div class=\"elementor-element elementor-element-efd4c3b elementor-widget__width-initial elementor-grid-3 elementor-grid-tablet-2 elementor-grid-mobile-1 elementor-widget elementor-widget-loop-grid\" data-id=\"efd4c3b\" data-element_type=\"widget\" data-e-type=\"widget\" data-settings=\"{&quot;template_id&quot;:277,&quot;_skin&quot;:&quot;post&quot;,&quot;columns&quot;:&quot;3&quot;,&quot;columns_tablet&quot;:&quot;2&quot;,&quot;columns_mobile&quot;:&quot;1&quot;,&quot;edit_handle_selector&quot;:&quot;[data-elementor-type=\\&quot;loop-item\\&quot;]&quot;,&quot;row_gap&quot;:{&quot;unit&quot;:&quot;px&quot;,&quot;size&quot;:&quot;&quot;,&quot;sizes&quot;:[]},&quot;row_gap_tablet&quot;:{&quot;unit&quot;:&quot;px&quot;,&quot;size&quot;:&quot;&quot;,&quot;sizes&quot;:[]},&quot;row_gap_mobile&quot;:{&quot;unit&quot;:&quot;px&quot;,&quot;size&quot;:&quot;&quot;,&quot;sizes&quot;:[]}}\" data-widget_type=\"loop-grid.post\">\n\t\t\t\t<div class=\"elementor-widget-container\">\n\t\t\t\t\t\t\t<div class=\"elementor-loop-container elementor-grid\" role=\"list\">\n\t\t<style id=\"loop-dynamic-277\">.e-loop-item-837 .elementor-element.elementor-element-36d410c:not(.elementor-motion-effects-element-type-background), .e-loop-item-837 .elementor-element.elementor-element-36d410c > .elementor-motion-effects-container > .elementor-motion-effects-layer{background-image:url(\"https:\/\/renovagroupsrl.com\/wp-content\/uploads\/2024\/01\/renova-group-progetto-villa-nirvana.jpg\");}<\/style><style id=\"loop-277\">.elementor-277 .elementor-element.elementor-element-d1b6885{--display:flex;--flex-direction:column;--container-widget-width:100%;--container-widget-height:initial;--container-widget-flex-grow:0;--container-widget-align-self:initial;--flex-wrap-mobile:wrap;}.elementor-277 .elementor-element.elementor-element-36d410c{--display:flex;--min-height:360px;}.elementor-277 .elementor-element.elementor-element-36d410c:not(.elementor-motion-effects-element-type-background), .elementor-277 .elementor-element.elementor-element-36d410c > .elementor-motion-effects-container > .elementor-motion-effects-layer{background-position:center center;background-repeat:no-repeat;background-size:cover;}.elementor-277 .elementor-element.elementor-element-ff69b35 .elementor-heading-title{font-size:22px;font-weight:600;color:var( --e-global-color-primary );}<\/style>\t\t<div data-elementor-type=\"loop-item\" data-elementor-id=\"277\" class=\"elementor elementor-277 e-loop-item e-loop-item-837 post-837 progetti type-progetti status-publish has-post-thumbnail hentry\" data-elementor-post-type=\"elementor_library\" data-custom-edit-handle=\"1\">\n\t\t\t<div class=\"elementor-element elementor-element-d1b6885 e-flex e-con-boxed e-con e-parent\" data-id=\"d1b6885\" data-element_type=\"container\" data-e-type=\"container\">\n\t\t\t\t\t<div class=\"e-con-inner\">\n\t\t<a class=\"elementor-element elementor-element-36d410c e-con-full e-flex e-con e-child\" data-id=\"36d410c\" data-element_type=\"container\" data-e-type=\"container\" data-settings=\"{&quot;background_background&quot;:&quot;classic&quot;}\" href=\"https:\/\/renovagroupsrl.com\/fr\/progetti\/villa-nirvana\/\">\n\t\t\t\t<\/a>\n\t\t\t\t<div class=\"elementor-element elementor-element-ff69b35 elementor-widget elementor-widget-theme-post-title elementor-page-title elementor-widget-heading\" data-id=\"ff69b35\" data-element_type=\"widget\" data-e-type=\"widget\" data-widget_type=\"theme-post-title.default\">\n\t\t\t\t<div class=\"elementor-widget-container\">\n\t\t\t\t\t<h2 class=\"elementor-heading-title elementor-size-default\"><a href=\"https:\/\/renovagroupsrl.com\/fr\/progetti\/villa-nirvana\/\">Villa Nirvana<\/a><\/h2>\t\t\t\t<\/div>\n\t\t\t\t<\/div>\n\t\t\t\t\t<\/div>\n\t\t\t\t<\/div>\n\t\t\t\t<\/div>\n\t\t<style id=\"loop-dynamic-277\">.e-loop-item-851 .elementor-element.elementor-element-36d410c:not(.elementor-motion-effects-element-type-background), .e-loop-item-851 .elementor-element.elementor-element-36d410c > .elementor-motion-effects-container > .elementor-motion-effects-layer{background-image:url(\"https:\/\/renovagroupsrl.com\/wp-content\/uploads\/2024\/01\/renova-group-progetto-attico-paradise.jpg\");}<\/style>\t\t<div data-elementor-type=\"loop-item\" data-elementor-id=\"277\" class=\"elementor elementor-277 e-loop-item e-loop-item-851 post-851 progetti type-progetti status-publish has-post-thumbnail hentry\" data-elementor-post-type=\"elementor_library\" data-custom-edit-handle=\"1\">\n\t\t\t<div class=\"elementor-element elementor-element-d1b6885 e-flex e-con-boxed e-con e-parent\" data-id=\"d1b6885\" data-element_type=\"container\" data-e-type=\"container\">\n\t\t\t\t\t<div class=\"e-con-inner\">\n\t\t<a class=\"elementor-element elementor-element-36d410c e-con-full e-flex e-con e-child\" data-id=\"36d410c\" data-element_type=\"container\" data-e-type=\"container\" data-settings=\"{&quot;background_background&quot;:&quot;classic&quot;}\" href=\"https:\/\/renovagroupsrl.com\/fr\/progetti\/attico-paradise\/\">\n\t\t\t\t<\/a>\n\t\t\t\t<div class=\"elementor-element elementor-element-ff69b35 elementor-widget elementor-widget-theme-post-title elementor-page-title elementor-widget-heading\" data-id=\"ff69b35\" data-element_type=\"widget\" data-e-type=\"widget\" data-widget_type=\"theme-post-title.default\">\n\t\t\t\t<div class=\"elementor-widget-container\">\n\t\t\t\t\t<h2 class=\"elementor-heading-title elementor-size-default\"><a href=\"https:\/\/renovagroupsrl.com\/fr\/progetti\/attico-paradise\/\">Attico Paradise<\/a><\/h2>\t\t\t\t<\/div>\n\t\t\t\t<\/div>\n\t\t\t\t\t<\/div>\n\t\t\t\t<\/div>\n\t\t\t\t<\/div>\n\t\t<style id=\"loop-dynamic-277\">.e-loop-item-852 .elementor-element.elementor-element-36d410c:not(.elementor-motion-effects-element-type-background), .e-loop-item-852 .elementor-element.elementor-element-36d410c > .elementor-motion-effects-container > .elementor-motion-effects-layer{background-image:url(\"https:\/\/renovagroupsrl.com\/wp-content\/uploads\/2024\/02\/renova-group-progetto-la-bella-italia.jpg\");}<\/style>\t\t<div data-elementor-type=\"loop-item\" data-elementor-id=\"277\" class=\"elementor elementor-277 e-loop-item e-loop-item-852 post-852 progetti type-progetti status-publish has-post-thumbnail hentry\" data-elementor-post-type=\"elementor_library\" data-custom-edit-handle=\"1\">\n\t\t\t<div class=\"elementor-element elementor-element-d1b6885 e-flex e-con-boxed e-con e-parent\" data-id=\"d1b6885\" data-element_type=\"container\" data-e-type=\"container\">\n\t\t\t\t\t<div class=\"e-con-inner\">\n\t\t<a class=\"elementor-element elementor-element-36d410c e-con-full e-flex e-con e-child\" data-id=\"36d410c\" data-element_type=\"container\" data-e-type=\"container\" data-settings=\"{&quot;background_background&quot;:&quot;classic&quot;}\" href=\"https:\/\/renovagroupsrl.com\/fr\/progetti\/la-bella-italia\/\">\n\t\t\t\t<\/a>\n\t\t\t\t<div class=\"elementor-element elementor-element-ff69b35 elementor-widget elementor-widget-theme-post-title elementor-page-title elementor-widget-heading\" data-id=\"ff69b35\" data-element_type=\"widget\" data-e-type=\"widget\" data-widget_type=\"theme-post-title.default\">\n\t\t\t\t<div class=\"elementor-widget-container\">\n\t\t\t\t\t<h2 class=\"elementor-heading-title elementor-size-default\"><a href=\"https:\/\/renovagroupsrl.com\/fr\/progetti\/la-bella-italia\/\">La Bella Italia<\/a><\/h2>\t\t\t\t<\/div>\n\t\t\t\t<\/div>\n\t\t\t\t\t<\/div>\n\t\t\t\t<\/div>\n\t\t\t\t<\/div>\n\t\t\t\t<\/div>\n\t\t\n\t\t\t\t\t\t<\/div>\n\t\t\t\t<\/div>\n\t\t\t\t<div class=\"elementor-element elementor-element-62bd318 elementor-align-center elementor-widget elementor-widget-button\" data-id=\"62bd318\" data-element_type=\"widget\" data-e-type=\"widget\" data-widget_type=\"button.default\">\n\t\t\t\t<div class=\"elementor-widget-container\">\n\t\t\t\t\t\t\t\t\t<div class=\"elementor-button-wrapper\">\n\t\t\t\t\t<a class=\"elementor-button elementor-button-link elementor-size-lg\" href=\"https:\/\/renovagroupsrl.com\/fr\/projets\/\">\n\t\t\t\t\t\t<span class=\"elementor-button-content-wrapper\">\n\t\t\t\t\t\t<span class=\"elementor-button-icon\">\n\t\t\t\t<svg xmlns=\"http:\/\/www.w3.org\/2000\/svg\" xmlns:xlink=\"http:\/\/www.w3.org\/1999\/xlink\" id=\"Arrow\" x=\"0px\" y=\"0px\" viewBox=\"0 0 42.8 18\" style=\"enable-background:new 0 0 42.8 18;\" xml:space=\"preserve\"><g id=\"Raggruppa_2\">\t<path id=\"Tracciato_1\" d=\"M42.8,9c0-0.2-0.1-0.5-0.3-0.7L35,0.3c-0.4-0.4-1-0.4-1.3,0c0,0,0,0,0,0c-0.4,0.4-0.4,1,0,1.3l6.1,6.5  H0.9C0.4,8.1,0,8.5,0,9c0,0.5,0.4,0.9,0.9,0.9h38.7l-6.1,6.5c-0.3,0.4-0.3,1,0,1.3c0.4,0.4,1,0.3,1.3,0c0,0,0,0,0,0l7.6-8.1  C42.7,9.5,42.8,9.2,42.8,9L42.8,9z\"><\/path><\/g><\/svg>\t\t\t<\/span>\n\t\t\t\t\t\t\t\t\t<span class=\"elementor-button-text\">Tous les projets<\/span>\n\t\t\t\t\t<\/span>\n\t\t\t\t\t<\/a>\n\t\t\t\t<\/div>\n\t\t\t\t\t\t\t\t<\/div>\n\t\t\t\t<\/div>\n\t\t\t\t<\/div>\n\t\t<div class=\"elementor-element elementor-element-cc3a27f e-flex e-con-boxed e-con e-parent\" data-id=\"cc3a27f\" data-element_type=\"container\" data-e-type=\"container\" data-settings=\"{&quot;background_background&quot;:&quot;classic&quot;}\">\n\t\t\t\t\t<div class=\"e-con-inner\">\n\t\t<div class=\"elementor-element elementor-element-d8ea60f e-con-full elementor-hidden-tablet elementor-hidden-mobile e-flex e-con e-child\" data-id=\"d8ea60f\" data-element_type=\"container\" data-e-type=\"container\">\n\t\t\t\t<\/div>\n\t\t<div class=\"elementor-element elementor-element-29a3fa1 e-con-full elementor-hidden-desktop elementor-hidden-tablet e-flex e-con e-child\" data-id=\"29a3fa1\" data-element_type=\"container\" data-e-type=\"container\" data-settings=\"{&quot;background_background&quot;:&quot;classic&quot;}\">\n\t\t\t\t<\/div>\n\t\t<div class=\"elementor-element elementor-element-8a69f27 e-con-full e-flex e-con e-child\" data-id=\"8a69f27\" data-element_type=\"container\" data-e-type=\"container\" data-settings=\"{&quot;background_background&quot;:&quot;classic&quot;}\">\n\t\t<div class=\"elementor-element elementor-element-b953173 e-flex e-con-boxed e-con e-child\" data-id=\"b953173\" data-element_type=\"container\" data-e-type=\"container\">\n\t\t\t\t\t<div class=\"e-con-inner\">\n\t\t\t\t<div class=\"elementor-element elementor-element-aa1792e elementor-widget elementor-widget-heading\" data-id=\"aa1792e\" data-element_type=\"widget\" data-e-type=\"widget\" data-widget_type=\"heading.default\">\n\t\t\t\t<div class=\"elementor-widget-container\">\n\t\t\t\t\t<h2 class=\"elementor-heading-title elementor-size-default\">Concevoir, construire, r\u00e9nover<\/h2>\t\t\t\t<\/div>\n\t\t\t\t<\/div>\n\t\t\t\t<div class=\"elementor-element elementor-element-ff5e310 elementor-widget elementor-widget-text-editor\" data-id=\"ff5e310\" data-element_type=\"widget\" data-e-type=\"widget\" data-widget_type=\"text-editor.default\">\n\t\t\t\t<div class=\"elementor-widget-container\">\n\t\t\t\t\t\t\t\t\t<p>Faire appel \u00e0 Renova, c&rsquo;est avoir \u00e0 ses c\u00f4t\u00e9s une entreprise capable d&rsquo;offrir une <strong>large gamme de services<\/strong>, en optimisant au mieux chaque intervention. Nous sommes en mesure d&rsquo;intervenir dans des <strong>appartements, des bureaux, des commerces, des villas<\/strong>, mais aussi dans des <strong>environnements ext\u00e9rieurs<\/strong>, en suivant toutes les phases des travaux depuis le jour z\u00e9ro.<\/p>\t\t\t\t\t\t\t\t<\/div>\n\t\t\t\t<\/div>\n\t\t\t\t\t<\/div>\n\t\t\t\t<\/div>\n\t\t<div class=\"elementor-element elementor-element-7405884 e-flex e-con-boxed e-con e-child\" data-id=\"7405884\" data-element_type=\"container\" data-e-type=\"container\">\n\t\t\t\t\t<div class=\"e-con-inner\">\n\t\t\t\t<div class=\"elementor-element elementor-element-1552dff elementor-widget elementor-widget-heading\" data-id=\"1552dff\" data-element_type=\"widget\" data-e-type=\"widget\" data-widget_type=\"heading.default\">\n\t\t\t\t<div class=\"elementor-widget-container\">\n\t\t\t\t\t<h4 class=\"elementor-heading-title elementor-size-default\">Projets<\/h4>\t\t\t\t<\/div>\n\t\t\t\t<\/div>\n\t\t\t\t<div class=\"elementor-element elementor-element-453d4a4 elementor-widget elementor-widget-text-editor\" data-id=\"453d4a4\" data-element_type=\"widget\" data-e-type=\"widget\" data-widget_type=\"text-editor.default\">\n\t\t\t\t<div class=\"elementor-widget-container\">\n\t\t\t\t\t\t\t\t\t<p>Passer des id\u00e9es, au papier, \u00e0 la r\u00e9alit\u00e9.<\/p>\t\t\t\t\t\t\t\t<\/div>\n\t\t\t\t<\/div>\n\t\t\t\t\t<\/div>\n\t\t\t\t<\/div>\n\t\t<div class=\"elementor-element elementor-element-be3066e e-flex e-con-boxed e-con e-child\" data-id=\"be3066e\" data-element_type=\"container\" data-e-type=\"container\">\n\t\t\t\t\t<div class=\"e-con-inner\">\n\t\t\t\t<div class=\"elementor-element elementor-element-9a34cf0 elementor-widget elementor-widget-heading\" data-id=\"9a34cf0\" data-element_type=\"widget\" data-e-type=\"widget\" data-widget_type=\"heading.default\">\n\t\t\t\t<div class=\"elementor-widget-container\">\n\t\t\t\t\t<h4 class=\"elementor-heading-title elementor-size-default\">Restructurations<\/h4>\t\t\t\t<\/div>\n\t\t\t\t<\/div>\n\t\t\t\t<div class=\"elementor-element elementor-element-d74885e elementor-widget elementor-widget-text-editor\" data-id=\"d74885e\" data-element_type=\"widget\" data-e-type=\"widget\" data-widget_type=\"text-editor.default\">\n\t\t\t\t<div class=\"elementor-widget-container\">\n\t\t\t\t\t\t\t\t\t<p>Avec des mat\u00e9riaux haut de gamme et des techniques de derni\u00e8re g\u00e9n\u00e9ration.<\/p>\t\t\t\t\t\t\t\t<\/div>\n\t\t\t\t<\/div>\n\t\t\t\t\t<\/div>\n\t\t\t\t<\/div>\n\t\t<div class=\"elementor-element elementor-element-f212038 e-flex e-con-boxed e-con e-child\" data-id=\"f212038\" data-element_type=\"container\" data-e-type=\"container\">\n\t\t\t\t\t<div class=\"e-con-inner\">\n\t\t\t\t<div class=\"elementor-element elementor-element-43763aa elementor-widget elementor-widget-heading\" data-id=\"43763aa\" data-element_type=\"widget\" data-e-type=\"widget\" data-widget_type=\"heading.default\">\n\t\t\t\t<div class=\"elementor-widget-container\">\n\t\t\t\t\t<h4 class=\"elementor-heading-title elementor-size-default\">Livraison cl\u00e9 en main<\/h4>\t\t\t\t<\/div>\n\t\t\t\t<\/div>\n\t\t\t\t<div class=\"elementor-element elementor-element-7a13699 elementor-widget elementor-widget-text-editor\" data-id=\"7a13699\" data-element_type=\"widget\" data-e-type=\"widget\" data-widget_type=\"text-editor.default\">\n\t\t\t\t<div class=\"elementor-widget-container\">\n\t\t\t\t\t\t\t\t\t<p>Pour garantir aux clients une totale insouciance.<\/p>\t\t\t\t\t\t\t\t<\/div>\n\t\t\t\t<\/div>\n\t\t\t\t\t<\/div>\n\t\t\t\t<\/div>\n\t\t\t\t<div class=\"elementor-element elementor-element-973315d elementor-align-left elementor-widget elementor-widget-button\" data-id=\"973315d\" data-element_type=\"widget\" data-e-type=\"widget\" data-widget_type=\"button.default\">\n\t\t\t\t<div class=\"elementor-widget-container\">\n\t\t\t\t\t\t\t\t\t<div class=\"elementor-button-wrapper\">\n\t\t\t\t\t<a class=\"elementor-button elementor-button-link elementor-size-lg\" href=\"https:\/\/renovagroupsrl.com\/fr\/services\/\">\n\t\t\t\t\t\t<span class=\"elementor-button-content-wrapper\">\n\t\t\t\t\t\t<span class=\"elementor-button-icon\">\n\t\t\t\t<svg xmlns=\"http:\/\/www.w3.org\/2000\/svg\" xmlns:xlink=\"http:\/\/www.w3.org\/1999\/xlink\" id=\"Arrow\" x=\"0px\" y=\"0px\" viewBox=\"0 0 42.8 18\" style=\"enable-background:new 0 0 42.8 18;\" xml:space=\"preserve\"><g id=\"Raggruppa_2\">\t<path id=\"Tracciato_1\" d=\"M42.8,9c0-0.2-0.1-0.5-0.3-0.7L35,0.3c-0.4-0.4-1-0.4-1.3,0c0,0,0,0,0,0c-0.4,0.4-0.4,1,0,1.3l6.1,6.5  H0.9C0.4,8.1,0,8.5,0,9c0,0.5,0.4,0.9,0.9,0.9h38.7l-6.1,6.5c-0.3,0.4-0.3,1,0,1.3c0.4,0.4,1,0.3,1.3,0c0,0,0,0,0,0l7.6-8.1  C42.7,9.5,42.8,9.2,42.8,9L42.8,9z\"><\/path><\/g><\/svg>\t\t\t<\/span>\n\t\t\t\t\t\t\t\t\t<span class=\"elementor-button-text\">D\u00e9couvrez tous les services<\/span>\n\t\t\t\t\t<\/span>\n\t\t\t\t\t<\/a>\n\t\t\t\t<\/div>\n\t\t\t\t\t\t\t\t<\/div>\n\t\t\t\t<\/div>\n\t\t\t\t<\/div>\n\t\t\t\t\t<\/div>\n\t\t\t\t<\/div>\n\t\t<div class=\"elementor-element elementor-element-7ed538a e-flex e-con-boxed e-con e-parent\" data-id=\"7ed538a\" data-element_type=\"container\" data-e-type=\"container\" data-settings=\"{&quot;background_background&quot;:&quot;classic&quot;}\">\n\t\t\t\t\t<div class=\"e-con-inner\">\n\t\t<div class=\"elementor-element elementor-element-fcb79f9 e-con-full e-flex e-con e-child\" data-id=\"fcb79f9\" data-element_type=\"container\" data-e-type=\"container\">\n\t\t\t\t<div class=\"elementor-element elementor-element-0263140 elementor-widget elementor-widget-heading\" data-id=\"0263140\" data-element_type=\"widget\" data-e-type=\"widget\" data-widget_type=\"heading.default\">\n\t\t\t\t<div class=\"elementor-widget-container\">\n\t\t\t\t\t<h2 class=\"elementor-heading-title elementor-size-default\">Certifications<\/h2>\t\t\t\t<\/div>\n\t\t\t\t<\/div>\n\t\t\t\t<\/div>\n\t\t\t\t<div class=\"elementor-element elementor-element-a3442fb elementor-widget__width-initial elementor-widget elementor-widget-image\" data-id=\"a3442fb\" data-element_type=\"widget\" data-e-type=\"widget\" data-widget_type=\"image.default\">\n\t\t\t\t<div class=\"elementor-widget-container\">\n\t\t\t\t\t\t\t\t\t\t\t\t\t\t\t<img fetchpriority=\"high\" decoding=\"async\" width=\"400\" height=\"142\" src=\"https:\/\/renovagroupsrl.com\/wp-content\/uploads\/2024\/02\/renova-group-certificazioni-soa-consult.png\" class=\"attachment-full size-full wp-image-795\" alt=\"Renova group certificazioni soa consult\" srcset=\"https:\/\/renovagroupsrl.com\/wp-content\/uploads\/2024\/02\/renova-group-certificazioni-soa-consult.png 400w, https:\/\/renovagroupsrl.com\/wp-content\/uploads\/2024\/02\/renova-group-certificazioni-soa-consult-300x107.png 300w\" sizes=\"(max-width: 400px) 100vw, 400px\" \/>\t\t\t\t\t\t\t\t\t\t\t\t\t\t\t<\/div>\n\t\t\t\t<\/div>\n\t\t\t\t\t<\/div>\n\t\t\t\t<\/div>\n\t\t\t\t<\/div>\n\t\t","protected":false},"excerpt":{"rendered":"<p>RENOVA &#8211; RESTRUCTURATIONS DE BATIMENTS EN LIGURIE ET COTE D\u2019AZUR Renova RESTRUCTURATIONS DE BATIMENTS EN LIGURIE ET COTE D\u2019AZUR R\u00e9nover ne signifie pas seulement r\u00e9organiser les espaces :\u00a0Renova est l&rsquo;entreprise de construction n\u00e9e pour donner une nouvelle vie aux environnements et garantir \u00e0 ses clients un service de r\u00e9novation cl\u00e9 en main. L&rsquo;entreprise sur laquelle [&hellip;]<\/p>\n","protected":false},"author":1,"featured_media":0,"parent":0,"menu_order":0,"comment_status":"closed","ping_status":"closed","template":"","meta":{"_acf_changed":false,"slim_seo":{"title":"La Bella Italia - Renova Group Srl","description":""},"footnotes":""},"class_list":["post-801","page","type-page","status-publish","hentry"],"acf":[],"_links":{"self":[{"href":"https:\/\/renovagroupsrl.com\/fr\/wp-json\/wp\/v2\/pages\/801","targetHints":{"allow":["GET"]}}],"collection":[{"href":"https:\/\/renovagroupsrl.com\/fr\/wp-json\/wp\/v2\/pages"}],"about":[{"href":"https:\/\/renovagroupsrl.com\/fr\/wp-json\/wp\/v2\/types\/page"}],"author":[{"embeddable":true,"href":"https:\/\/renovagroupsrl.com\/fr\/wp-json\/wp\/v2\/users\/1"}],"replies":[{"embeddable":true,"href":"https:\/\/renovagroupsrl.com\/fr\/wp-json\/wp\/v2\/comments?post=801"}],"version-history":[{"count":10,"href":"https:\/\/renovagroupsrl.com\/fr\/wp-json\/wp\/v2\/pages\/801\/revisions"}],"predecessor-version":[{"id":863,"href":"https:\/\/renovagroupsrl.com\/fr\/wp-json\/wp\/v2\/pages\/801\/revisions\/863"}],"wp:attachment":[{"href":"https:\/\/renovagroupsrl.com\/fr\/wp-json\/wp\/v2\/media?parent=801"}],"curies":[{"name":"wp","href":"https:\/\/api.w.org\/{rel}","templated":true}]}}