{"id":815,"date":"2024-02-01T15:35:29","date_gmt":"2024-02-01T15:35:29","guid":{"rendered":"https:\/\/renovagroupsrl.com\/?page_id=815"},"modified":"2024-06-04T14:02:24","modified_gmt":"2024-06-04T14:02:24","slug":"services","status":"publish","type":"page","link":"https:\/\/renovagroupsrl.com\/fr\/services\/","title":{"rendered":"Services"},"content":{"rendered":"\t\t<div data-elementor-type=\"wp-page\" data-elementor-id=\"815\" class=\"elementor elementor-815 elementor-347\" data-elementor-post-type=\"page\">\n\t\t\t\t<div class=\"elementor-element elementor-element-5716e6d e-flex e-con-boxed e-con e-parent\" data-id=\"5716e6d\" data-element_type=\"container\" data-e-type=\"container\">\n\t\t\t\t\t<div class=\"e-con-inner\">\n\t\t\t\t<div class=\"elementor-element elementor-element-3b31ddd elementor-widget elementor-widget-heading\" data-id=\"3b31ddd\" data-element_type=\"widget\" data-e-type=\"widget\" data-widget_type=\"heading.default\">\n\t\t\t\t<div class=\"elementor-widget-container\">\n\t\t\t\t\t<h1 class=\"elementor-heading-title elementor-size-default\">SERVICES DE BATIMENT<\/h1>\t\t\t\t<\/div>\n\t\t\t\t<\/div>\n\t\t\t\t<div class=\"elementor-element elementor-element-12dadcf elementor-widget elementor-widget-heading\" data-id=\"12dadcf\" data-element_type=\"widget\" data-e-type=\"widget\" data-widget_type=\"heading.default\">\n\t\t\t\t<div class=\"elementor-widget-container\">\n\t\t\t\t\t<p class=\"elementor-heading-title elementor-size-default\">Nous nous occupons depuis toujours d'interventions dans le secteur du b\u00e2timent, en fournissant un <strong>service professionnel de qualit\u00e9 et s\u00e9rieux<\/strong>. Gr\u00e2ce \u00e0 la formule \u00ab\u00a0<strong>cl\u00e9 en main<\/strong>\u00a0\u00bb, nous changeons l\u2019aspect des habitations et des b\u00e2timents commerciaux, vous lib\u00e9rant du poids de la bureaucratie pour une <strong>r\u00e9novation sans stress ni impr\u00e9vus<\/strong>.<\/p>\t\t\t\t<\/div>\n\t\t\t\t<\/div>\n\t\t\t\t<div class=\"elementor-element elementor-element-2b380eb elementor-widget-divider--view-line elementor-widget elementor-widget-divider\" data-id=\"2b380eb\" data-element_type=\"widget\" data-e-type=\"widget\" data-widget_type=\"divider.default\">\n\t\t\t\t<div class=\"elementor-widget-container\">\n\t\t\t\t\t\t\t<div class=\"elementor-divider\">\n\t\t\t<span class=\"elementor-divider-separator\">\n\t\t\t\t\t\t<\/span>\n\t\t<\/div>\n\t\t\t\t\t\t<\/div>\n\t\t\t\t<\/div>\n\t\t\t\t\t<\/div>\n\t\t\t\t<\/div>\n\t\t<div class=\"elementor-element elementor-element-acf893a e-flex e-con-boxed e-con e-parent\" data-id=\"acf893a\" data-element_type=\"container\" data-e-type=\"container\" data-settings=\"{&quot;background_background&quot;:&quot;classic&quot;}\">\n\t\t\t\t\t<div class=\"e-con-inner\">\n\t\t<div class=\"elementor-element elementor-element-ba71afd e-con-full e-flex e-con e-child\" data-id=\"ba71afd\" data-element_type=\"container\" data-e-type=\"container\">\n\t\t\t\t<div class=\"elementor-element elementor-element-67605ce elementor-widget elementor-widget-heading\" data-id=\"67605ce\" data-element_type=\"widget\" data-e-type=\"widget\" data-widget_type=\"heading.default\">\n\t\t\t\t<div class=\"elementor-widget-container\">\n\t\t\t\t\t<h2 class=\"elementor-heading-title elementor-size-default\">Commencez \u00e0 r\u00e9nover d\u00e8s maintenant<\/h2>\t\t\t\t<\/div>\n\t\t\t\t<\/div>\n\t\t\t\t<div class=\"elementor-element elementor-element-7b4c414 elementor-align-left elementor-tablet-align-left elementor-widget elementor-widget-button\" data-id=\"7b4c414\" data-element_type=\"widget\" data-e-type=\"widget\" data-widget_type=\"button.default\">\n\t\t\t\t<div class=\"elementor-widget-container\">\n\t\t\t\t\t\t\t\t\t<div class=\"elementor-button-wrapper\">\n\t\t\t\t\t<a class=\"elementor-button elementor-button-link elementor-size-lg\" href=\"https:\/\/renovagroupsrl.com\/fr\/contacts\/#richiedi-preventivo\">\n\t\t\t\t\t\t<span class=\"elementor-button-content-wrapper\">\n\t\t\t\t\t\t<span class=\"elementor-button-icon\">\n\t\t\t\t<svg xmlns=\"http:\/\/www.w3.org\/2000\/svg\" xmlns:xlink=\"http:\/\/www.w3.org\/1999\/xlink\" id=\"Arrow\" x=\"0px\" y=\"0px\" viewBox=\"0 0 42.8 18\" style=\"enable-background:new 0 0 42.8 18;\" xml:space=\"preserve\"><g id=\"Raggruppa_2\">\t<path id=\"Tracciato_1\" d=\"M42.8,9c0-0.2-0.1-0.5-0.3-0.7L35,0.3c-0.4-0.4-1-0.4-1.3,0c0,0,0,0,0,0c-0.4,0.4-0.4,1,0,1.3l6.1,6.5  H0.9C0.4,8.1,0,8.5,0,9c0,0.5,0.4,0.9,0.9,0.9h38.7l-6.1,6.5c-0.3,0.4-0.3,1,0,1.3c0.4,0.4,1,0.3,1.3,0c0,0,0,0,0,0l7.6-8.1  C42.7,9.5,42.8,9.2,42.8,9L42.8,9z\"><\/path><\/g><\/svg>\t\t\t<\/span>\n\t\t\t\t\t\t\t\t\t<span class=\"elementor-button-text\">Demandez un devis gratuit<\/span>\n\t\t\t\t\t<\/span>\n\t\t\t\t\t<\/a>\n\t\t\t\t<\/div>\n\t\t\t\t\t\t\t\t<\/div>\n\t\t\t\t<\/div>\n\t\t\t\t<\/div>\n\t\t<div class=\"elementor-element elementor-element-5ef1ad7 e-con-full e-flex e-con e-child\" data-id=\"5ef1ad7\" data-element_type=\"container\" data-e-type=\"container\">\n\t\t\t\t<div class=\"elementor-element elementor-element-a651057 elementor-widget elementor-widget-text-editor\" data-id=\"a651057\" data-element_type=\"widget\" data-e-type=\"widget\" data-widget_type=\"text-editor.default\">\n\t\t\t\t<div class=\"elementor-widget-container\">\n\t\t\t\t\t\t\t\t\t<p>Non seulement des interventions de <strong>construction et de r\u00e9novation<\/strong>, mais aussi une s\u00e9rie de <strong>services accessoires<\/strong> pour cr\u00e9er des maisons et des locaux commerciaux de design dans le respect de l&rsquo;environnement.<\/p>\t\t\t\t\t\t\t\t<\/div>\n\t\t\t\t<\/div>\n\t\t<div class=\"elementor-element elementor-element-b41d7c8 e-con-full e-flex e-con e-child\" data-id=\"b41d7c8\" data-element_type=\"container\" data-e-type=\"container\">\n\t\t\t\t<div class=\"elementor-element elementor-element-9a090a7 elementor-widget elementor-widget-heading\" data-id=\"9a090a7\" data-element_type=\"widget\" data-e-type=\"widget\" data-widget_type=\"heading.default\">\n\t\t\t\t<div class=\"elementor-widget-container\">\n\t\t\t\t\t<h3 class=\"elementor-heading-title elementor-size-default\">Conception et construction de maisons autonomes<\/h3>\t\t\t\t<\/div>\n\t\t\t\t<\/div>\n\t\t\t\t<div class=\"elementor-element elementor-element-f51bf19 elementor-widget elementor-widget-text-editor\" data-id=\"f51bf19\" data-element_type=\"widget\" data-e-type=\"widget\" data-widget_type=\"text-editor.default\">\n\t\t\t\t<div class=\"elementor-widget-container\">\n\t\t\t\t\t\t\t\t\t<p>Nous vous aidons \u00e0 construire une maison \u00e9cologique capable de produire une \u00e9nergie sans impact, afin de r\u00e9duire radicalement le co\u00fbt de vos factures.<\/p>\t\t\t\t\t\t\t\t<\/div>\n\t\t\t\t<\/div>\n\t\t\t\t<\/div>\n\t\t<div class=\"elementor-element elementor-element-8cb9a1c e-con-full e-flex e-con e-child\" data-id=\"8cb9a1c\" data-element_type=\"container\" data-e-type=\"container\">\n\t\t\t\t<div class=\"elementor-element elementor-element-cf72c03 elementor-widget elementor-widget-heading\" data-id=\"cf72c03\" data-element_type=\"widget\" data-e-type=\"widget\" data-widget_type=\"heading.default\">\n\t\t\t\t<div class=\"elementor-widget-container\">\n\t\t\t\t\t<h3 class=\"elementor-heading-title elementor-size-default\">Pose d'\u00e9chafaudages<\/h3>\t\t\t\t<\/div>\n\t\t\t\t<\/div>\n\t\t\t\t<div class=\"elementor-element elementor-element-09c0689 elementor-widget elementor-widget-text-editor\" data-id=\"09c0689\" data-element_type=\"widget\" data-e-type=\"widget\" data-widget_type=\"text-editor.default\">\n\t\t\t\t<div class=\"elementor-widget-container\">\n\t\t\t\t\t\t\t\t\t<p>Nous installons des \u00e9chafaudages et des montants rapidement et en toute s\u00e9curit\u00e9, dans le plein respect de la r\u00e9glementation en vigueur.<\/p>\t\t\t\t\t\t\t\t<\/div>\n\t\t\t\t<\/div>\n\t\t\t\t<\/div>\n\t\t<div class=\"elementor-element elementor-element-e384e69 e-con-full e-flex e-con e-child\" data-id=\"e384e69\" data-element_type=\"container\" data-e-type=\"container\">\n\t\t\t\t<div class=\"elementor-element elementor-element-727a4e6 elementor-widget elementor-widget-heading\" data-id=\"727a4e6\" data-element_type=\"widget\" data-e-type=\"widget\" data-widget_type=\"heading.default\">\n\t\t\t\t<div class=\"elementor-widget-container\">\n\t\t\t\t\t<h3 class=\"elementor-heading-title elementor-size-default\">Services de conseil d\u2019architectes et de designers d'int\u00e9rieur<\/h3>\t\t\t\t<\/div>\n\t\t\t\t<\/div>\n\t\t\t\t<div class=\"elementor-element elementor-element-0f57ff3 elementor-widget elementor-widget-text-editor\" data-id=\"0f57ff3\" data-element_type=\"widget\" data-e-type=\"widget\" data-widget_type=\"text-editor.default\">\n\t\t\t\t<div class=\"elementor-widget-container\">\n\t\t\t\t\t\t\t\t\t<p>Nous collaborons avec des professionnels capables de trouver les meilleures solutions d&rsquo;ameublement, avec des solutions originales et modernes.<\/p>\t\t\t\t\t\t\t\t<\/div>\n\t\t\t\t<\/div>\n\t\t\t\t<\/div>\n\t\t<div class=\"elementor-element elementor-element-98dd9bf e-con-full e-flex e-con e-child\" data-id=\"98dd9bf\" data-element_type=\"container\" data-e-type=\"container\">\n\t\t\t\t<div class=\"elementor-element elementor-element-ba23769 elementor-widget elementor-widget-heading\" data-id=\"ba23769\" data-element_type=\"widget\" data-e-type=\"widget\" data-widget_type=\"heading.default\">\n\t\t\t\t<div class=\"elementor-widget-container\">\n\t\t\t\t\t<h3 class=\"elementor-heading-title elementor-size-default\">Conseils en thermohydraulique, \u00e9lectricit\u00e9 et \u00e9clairage<\/h3>\t\t\t\t<\/div>\n\t\t\t\t<\/div>\n\t\t\t\t<div class=\"elementor-element elementor-element-1d2c9e7 elementor-widget elementor-widget-text-editor\" data-id=\"1d2c9e7\" data-element_type=\"widget\" data-e-type=\"widget\" data-widget_type=\"text-editor.default\">\n\t\t\t\t<div class=\"elementor-widget-container\">\n\t\t\t\t\t\t\t\t\t<p>Nous mettons \u00e0 votre disposition une \u00e9quipe de plombiers et d\u2019\u00e9lectriciens attentifs aux nouveaut\u00e9s du march\u00e9, pour cr\u00e9er des environnements fonctionnels et sans impact.<\/p>\t\t\t\t\t\t\t\t<\/div>\n\t\t\t\t<\/div>\n\t\t\t\t<\/div>\n\t\t<div class=\"elementor-element elementor-element-6f5a20f e-con-full e-flex e-con e-child\" data-id=\"6f5a20f\" data-element_type=\"container\" data-e-type=\"container\">\n\t\t\t\t<div class=\"elementor-element elementor-element-f8eac53 elementor-widget elementor-widget-heading\" data-id=\"f8eac53\" data-element_type=\"widget\" data-e-type=\"widget\" data-widget_type=\"heading.default\">\n\t\t\t\t<div class=\"elementor-widget-container\">\n\t\t\t\t\t<h3 class=\"elementor-heading-title elementor-size-default\">Fourniture et installation de menuiseries<\/h3>\t\t\t\t<\/div>\n\t\t\t\t<\/div>\n\t\t\t\t<div class=\"elementor-element elementor-element-5da85f9 elementor-widget elementor-widget-text-editor\" data-id=\"5da85f9\" data-element_type=\"widget\" data-e-type=\"widget\" data-widget_type=\"text-editor.default\">\n\t\t\t\t<div class=\"elementor-widget-container\">\n\t\t\t\t\t\t\t\t\t<p>Nous repensons \u00e9galement les espaces avec ouvertures, en nous occupant de la livraison et de l&rsquo;installation des portes et fen\u00eatres.<\/p>\t\t\t\t\t\t\t\t<\/div>\n\t\t\t\t<\/div>\n\t\t\t\t<\/div>\n\t\t<div class=\"elementor-element elementor-element-7fad4b2 e-con-full e-flex e-con e-child\" data-id=\"7fad4b2\" data-element_type=\"container\" data-e-type=\"container\">\n\t\t\t\t<div class=\"elementor-element elementor-element-6f7b214 elementor-widget elementor-widget-heading\" data-id=\"6f7b214\" data-element_type=\"widget\" data-e-type=\"widget\" data-widget_type=\"heading.default\">\n\t\t\t\t<div class=\"elementor-widget-container\">\n\t\t\t\t\t<h3 class=\"elementor-heading-title elementor-size-default\">Sols et murs<\/h3>\t\t\t\t<\/div>\n\t\t\t\t<\/div>\n\t\t\t\t<div class=\"elementor-element elementor-element-511bec8 elementor-widget elementor-widget-text-editor\" data-id=\"511bec8\" data-element_type=\"widget\" data-e-type=\"widget\" data-widget_type=\"text-editor.default\">\n\t\t\t\t<div class=\"elementor-widget-container\">\n\t\t\t\t\t\t\t\t\t<p>Nous proposons une \u00e9quipe qualifi\u00e9e pour des interventions de r\u00e9novation, mais aussi de restauration, pour tout type de rev\u00eatement de sol.<\/p>\t\t\t\t\t\t\t\t<\/div>\n\t\t\t\t<\/div>\n\t\t\t\t<\/div>\n\t\t<div class=\"elementor-element elementor-element-74c684b e-con-full e-flex e-con e-child\" data-id=\"74c684b\" data-element_type=\"container\" data-e-type=\"container\">\n\t\t\t\t<div class=\"elementor-element elementor-element-47e127a elementor-widget elementor-widget-heading\" data-id=\"47e127a\" data-element_type=\"widget\" data-e-type=\"widget\" data-widget_type=\"heading.default\">\n\t\t\t\t<div class=\"elementor-widget-container\">\n\t\t\t\t\t<h3 class=\"elementor-heading-title elementor-size-default\">Menuiserie avec fourniture de meubles et boiserie<\/h3>\t\t\t\t<\/div>\n\t\t\t\t<\/div>\n\t\t\t\t<div class=\"elementor-element elementor-element-628812a elementor-widget elementor-widget-text-editor\" data-id=\"628812a\" data-element_type=\"widget\" data-e-type=\"widget\" data-widget_type=\"text-editor.default\">\n\t\t\t\t<div class=\"elementor-widget-container\">\n\t\t\t\t\t\t\t\t\t<p>Nous personnalisons les environnements gr\u00e2ce \u00e0 un savoir-faire sur mesure, vous donnant la possibilit\u00e9 de d\u00e9velopper vos id\u00e9es les plus originales.<\/p>\t\t\t\t\t\t\t\t<\/div>\n\t\t\t\t<\/div>\n\t\t\t\t<\/div>\n\t\t\t\t<\/div>\n\t\t\t\t\t<\/div>\n\t\t\t\t<\/div>\n\t\t\t\t<\/div>\n\t\t","protected":false},"excerpt":{"rendered":"<p>SERVICES DE BATIMENT Nous nous occupons depuis toujours d&rsquo;interventions dans le secteur du b\u00e2timent, en fournissant un service professionnel de qualit\u00e9 et s\u00e9rieux. Gr\u00e2ce \u00e0 la formule \u00ab\u00a0cl\u00e9 en main\u00a0\u00bb, nous changeons l\u2019aspect des habitations et des b\u00e2timents commerciaux, vous lib\u00e9rant du poids de la bureaucratie pour une r\u00e9novation sans stress ni impr\u00e9vus. Commencez \u00e0 [&hellip;]<\/p>\n","protected":false},"author":1,"featured_media":0,"parent":0,"menu_order":0,"comment_status":"closed","ping_status":"closed","template":"","meta":{"_acf_changed":false,"slim_seo":{"title":"Services - Renova Group Srl","description":"SERVICES DE BATIMENT Nous nous occupons depuis toujours d'interventions dans le secteur du b\u00e2timent, en fournissant un service professionnel de qualit\u00e9 et s\u00e9rie"},"footnotes":""},"class_list":["post-815","page","type-page","status-publish","hentry"],"acf":[],"_links":{"self":[{"href":"https:\/\/renovagroupsrl.com\/fr\/wp-json\/wp\/v2\/pages\/815","targetHints":{"allow":["GET"]}}],"collection":[{"href":"https:\/\/renovagroupsrl.com\/fr\/wp-json\/wp\/v2\/pages"}],"about":[{"href":"https:\/\/renovagroupsrl.com\/fr\/wp-json\/wp\/v2\/types\/page"}],"author":[{"embeddable":true,"href":"https:\/\/renovagroupsrl.com\/fr\/wp-json\/wp\/v2\/users\/1"}],"replies":[{"embeddable":true,"href":"https:\/\/renovagroupsrl.com\/fr\/wp-json\/wp\/v2\/comments?post=815"}],"version-history":[{"count":7,"href":"https:\/\/renovagroupsrl.com\/fr\/wp-json\/wp\/v2\/pages\/815\/revisions"}],"predecessor-version":[{"id":866,"href":"https:\/\/renovagroupsrl.com\/fr\/wp-json\/wp\/v2\/pages\/815\/revisions\/866"}],"wp:attachment":[{"href":"https:\/\/renovagroupsrl.com\/fr\/wp-json\/wp\/v2\/media?parent=815"}],"curies":[{"name":"wp","href":"https:\/\/api.w.org\/{rel}","templated":true}]}}