{"id":820,"date":"2024-02-01T15:57:46","date_gmt":"2024-02-01T15:57:46","guid":{"rendered":"https:\/\/renovagroupsrl.com\/?page_id=820"},"modified":"2024-06-04T09:28:45","modified_gmt":"2024-06-04T09:28:45","slug":"projets","status":"publish","type":"page","link":"https:\/\/renovagroupsrl.com\/fr\/projets\/","title":{"rendered":"Projets"},"content":{"rendered":"\t\t<div data-elementor-type=\"wp-page\" data-elementor-id=\"820\" class=\"elementor elementor-820 elementor-393\" data-elementor-post-type=\"page\">\n\t\t\t\t<div class=\"elementor-element elementor-element-504380b e-flex e-con-boxed e-con e-parent\" data-id=\"504380b\" data-element_type=\"container\" data-e-type=\"container\">\n\t\t\t\t\t<div class=\"e-con-inner\">\n\t\t\t\t<div class=\"elementor-element elementor-element-f648310 elementor-widget elementor-widget-heading\" data-id=\"f648310\" data-element_type=\"widget\" data-e-type=\"widget\" data-widget_type=\"heading.default\">\n\t\t\t\t<div class=\"elementor-widget-container\">\n\t\t\t\t\t<h1 class=\"elementor-heading-title elementor-size-default\">PROJETS R\u00c9ALIS\u00c9S<\/h1>\t\t\t\t<\/div>\n\t\t\t\t<\/div>\n\t\t\t\t<div class=\"elementor-element elementor-element-1eb26b7 elementor-widget elementor-widget-heading\" data-id=\"1eb26b7\" data-element_type=\"widget\" data-e-type=\"widget\" data-widget_type=\"heading.default\">\n\t\t\t\t<div class=\"elementor-widget-container\">\n\t\t\t\t\t<p class=\"elementor-heading-title elementor-size-default\">D\u00e9couvrez quelques-uns des <strong>derniers projets r\u00e9alis\u00e9s<\/strong> pour nos clients, cr\u00e9\u00e9s en combinant leurs demandes avec nos exp\u00e9rience d\u00e9cennale dans le secteur du b\u00e2timent.<\/p>\t\t\t\t<\/div>\n\t\t\t\t<\/div>\n\t\t\t\t\t<\/div>\n\t\t\t\t<\/div>\n\t\t<div class=\"elementor-element elementor-element-d53382a e-con-full e-flex e-con e-parent\" data-id=\"d53382a\" data-element_type=\"container\" data-e-type=\"container\">\n\t\t\t\t<div class=\"elementor-element elementor-element-7c19ccb elementor-widget__width-initial elementor-grid-3 elementor-grid-tablet-2 elementor-grid-mobile-1 elementor-widget elementor-widget-loop-grid\" data-id=\"7c19ccb\" data-element_type=\"widget\" data-e-type=\"widget\" data-settings=\"{&quot;template_id&quot;:277,&quot;_skin&quot;:&quot;post&quot;,&quot;columns&quot;:&quot;3&quot;,&quot;columns_tablet&quot;:&quot;2&quot;,&quot;columns_mobile&quot;:&quot;1&quot;,&quot;edit_handle_selector&quot;:&quot;[data-elementor-type=\\&quot;loop-item\\&quot;]&quot;,&quot;row_gap&quot;:{&quot;unit&quot;:&quot;px&quot;,&quot;size&quot;:&quot;&quot;,&quot;sizes&quot;:[]},&quot;row_gap_tablet&quot;:{&quot;unit&quot;:&quot;px&quot;,&quot;size&quot;:&quot;&quot;,&quot;sizes&quot;:[]},&quot;row_gap_mobile&quot;:{&quot;unit&quot;:&quot;px&quot;,&quot;size&quot;:&quot;&quot;,&quot;sizes&quot;:[]}}\" data-widget_type=\"loop-grid.post\">\n\t\t\t\t<div class=\"elementor-widget-container\">\n\t\t\t\t\t\t\t<div class=\"elementor-loop-container elementor-grid\" role=\"list\">\n\t\t<style id=\"loop-dynamic-277\">.e-loop-item-837 .elementor-element.elementor-element-36d410c:not(.elementor-motion-effects-element-type-background), .e-loop-item-837 .elementor-element.elementor-element-36d410c > .elementor-motion-effects-container > .elementor-motion-effects-layer{background-image:url(\"https:\/\/renovagroupsrl.com\/wp-content\/uploads\/2024\/01\/renova-group-progetto-villa-nirvana.jpg\");}<\/style><style id=\"loop-277\">.elementor-277 .elementor-element.elementor-element-d1b6885{--display:flex;--flex-direction:column;--container-widget-width:100%;--container-widget-height:initial;--container-widget-flex-grow:0;--container-widget-align-self:initial;--flex-wrap-mobile:wrap;}.elementor-277 .elementor-element.elementor-element-36d410c{--display:flex;--min-height:360px;}.elementor-277 .elementor-element.elementor-element-36d410c:not(.elementor-motion-effects-element-type-background), .elementor-277 .elementor-element.elementor-element-36d410c > .elementor-motion-effects-container > .elementor-motion-effects-layer{background-position:center center;background-repeat:no-repeat;background-size:cover;}.elementor-277 .elementor-element.elementor-element-ff69b35 .elementor-heading-title{font-size:22px;font-weight:600;color:var( --e-global-color-primary );}<\/style>\t\t<div data-elementor-type=\"loop-item\" data-elementor-id=\"277\" class=\"elementor elementor-277 e-loop-item e-loop-item-837 post-837 progetti type-progetti status-publish has-post-thumbnail hentry\" data-elementor-post-type=\"elementor_library\" data-custom-edit-handle=\"1\">\n\t\t\t<div class=\"elementor-element elementor-element-d1b6885 e-flex e-con-boxed e-con e-parent\" data-id=\"d1b6885\" data-element_type=\"container\" data-e-type=\"container\">\n\t\t\t\t\t<div class=\"e-con-inner\">\n\t\t<a class=\"elementor-element elementor-element-36d410c e-con-full e-flex e-con e-child\" data-id=\"36d410c\" data-element_type=\"container\" data-e-type=\"container\" data-settings=\"{&quot;background_background&quot;:&quot;classic&quot;}\" href=\"https:\/\/renovagroupsrl.com\/fr\/progetti\/villa-nirvana\/\">\n\t\t\t\t<\/a>\n\t\t\t\t<div class=\"elementor-element elementor-element-ff69b35 elementor-widget elementor-widget-theme-post-title elementor-page-title elementor-widget-heading\" data-id=\"ff69b35\" data-element_type=\"widget\" data-e-type=\"widget\" data-widget_type=\"theme-post-title.default\">\n\t\t\t\t<div class=\"elementor-widget-container\">\n\t\t\t\t\t<h2 class=\"elementor-heading-title elementor-size-default\"><a href=\"https:\/\/renovagroupsrl.com\/fr\/progetti\/villa-nirvana\/\">Villa Nirvana<\/a><\/h2>\t\t\t\t<\/div>\n\t\t\t\t<\/div>\n\t\t\t\t\t<\/div>\n\t\t\t\t<\/div>\n\t\t\t\t<\/div>\n\t\t<style id=\"loop-dynamic-277\">.e-loop-item-851 .elementor-element.elementor-element-36d410c:not(.elementor-motion-effects-element-type-background), .e-loop-item-851 .elementor-element.elementor-element-36d410c > .elementor-motion-effects-container > .elementor-motion-effects-layer{background-image:url(\"https:\/\/renovagroupsrl.com\/wp-content\/uploads\/2024\/01\/renova-group-progetto-attico-paradise.jpg\");}<\/style>\t\t<div data-elementor-type=\"loop-item\" data-elementor-id=\"277\" class=\"elementor elementor-277 e-loop-item e-loop-item-851 post-851 progetti type-progetti status-publish has-post-thumbnail hentry\" data-elementor-post-type=\"elementor_library\" data-custom-edit-handle=\"1\">\n\t\t\t<div class=\"elementor-element elementor-element-d1b6885 e-flex e-con-boxed e-con e-parent\" data-id=\"d1b6885\" data-element_type=\"container\" data-e-type=\"container\">\n\t\t\t\t\t<div class=\"e-con-inner\">\n\t\t<a class=\"elementor-element elementor-element-36d410c e-con-full e-flex e-con e-child\" data-id=\"36d410c\" data-element_type=\"container\" data-e-type=\"container\" data-settings=\"{&quot;background_background&quot;:&quot;classic&quot;}\" href=\"https:\/\/renovagroupsrl.com\/fr\/progetti\/attico-paradise\/\">\n\t\t\t\t<\/a>\n\t\t\t\t<div class=\"elementor-element elementor-element-ff69b35 elementor-widget elementor-widget-theme-post-title elementor-page-title elementor-widget-heading\" data-id=\"ff69b35\" data-element_type=\"widget\" data-e-type=\"widget\" data-widget_type=\"theme-post-title.default\">\n\t\t\t\t<div class=\"elementor-widget-container\">\n\t\t\t\t\t<h2 class=\"elementor-heading-title elementor-size-default\"><a href=\"https:\/\/renovagroupsrl.com\/fr\/progetti\/attico-paradise\/\">Attico Paradise<\/a><\/h2>\t\t\t\t<\/div>\n\t\t\t\t<\/div>\n\t\t\t\t\t<\/div>\n\t\t\t\t<\/div>\n\t\t\t\t<\/div>\n\t\t<style id=\"loop-dynamic-277\">.e-loop-item-852 .elementor-element.elementor-element-36d410c:not(.elementor-motion-effects-element-type-background), .e-loop-item-852 .elementor-element.elementor-element-36d410c > .elementor-motion-effects-container > .elementor-motion-effects-layer{background-image:url(\"https:\/\/renovagroupsrl.com\/wp-content\/uploads\/2024\/02\/renova-group-progetto-la-bella-italia.jpg\");}<\/style>\t\t<div data-elementor-type=\"loop-item\" data-elementor-id=\"277\" class=\"elementor elementor-277 e-loop-item e-loop-item-852 post-852 progetti type-progetti status-publish has-post-thumbnail hentry\" data-elementor-post-type=\"elementor_library\" data-custom-edit-handle=\"1\">\n\t\t\t<div class=\"elementor-element elementor-element-d1b6885 e-flex e-con-boxed e-con e-parent\" data-id=\"d1b6885\" data-element_type=\"container\" data-e-type=\"container\">\n\t\t\t\t\t<div class=\"e-con-inner\">\n\t\t<a class=\"elementor-element elementor-element-36d410c e-con-full e-flex e-con e-child\" data-id=\"36d410c\" data-element_type=\"container\" data-e-type=\"container\" data-settings=\"{&quot;background_background&quot;:&quot;classic&quot;}\" href=\"https:\/\/renovagroupsrl.com\/fr\/progetti\/la-bella-italia\/\">\n\t\t\t\t<\/a>\n\t\t\t\t<div class=\"elementor-element elementor-element-ff69b35 elementor-widget elementor-widget-theme-post-title elementor-page-title elementor-widget-heading\" data-id=\"ff69b35\" data-element_type=\"widget\" data-e-type=\"widget\" data-widget_type=\"theme-post-title.default\">\n\t\t\t\t<div class=\"elementor-widget-container\">\n\t\t\t\t\t<h2 class=\"elementor-heading-title elementor-size-default\"><a href=\"https:\/\/renovagroupsrl.com\/fr\/progetti\/la-bella-italia\/\">La Bella Italia<\/a><\/h2>\t\t\t\t<\/div>\n\t\t\t\t<\/div>\n\t\t\t\t\t<\/div>\n\t\t\t\t<\/div>\n\t\t\t\t<\/div>\n\t\t<style id=\"loop-dynamic-277\">.e-loop-item-853 .elementor-element.elementor-element-36d410c:not(.elementor-motion-effects-element-type-background), .e-loop-item-853 .elementor-element.elementor-element-36d410c > .elementor-motion-effects-container > .elementor-motion-effects-layer{background-image:url(\"https:\/\/renovagroupsrl.com\/wp-content\/uploads\/2024\/02\/renova-group-progetto-antic-boutik-8.jpg\");}<\/style>\t\t<div data-elementor-type=\"loop-item\" data-elementor-id=\"277\" class=\"elementor elementor-277 e-loop-item e-loop-item-853 post-853 progetti type-progetti status-publish has-post-thumbnail hentry\" data-elementor-post-type=\"elementor_library\" data-custom-edit-handle=\"1\">\n\t\t\t<div class=\"elementor-element elementor-element-d1b6885 e-flex e-con-boxed e-con e-parent\" data-id=\"d1b6885\" data-element_type=\"container\" data-e-type=\"container\">\n\t\t\t\t\t<div class=\"e-con-inner\">\n\t\t<a class=\"elementor-element elementor-element-36d410c e-con-full e-flex e-con e-child\" data-id=\"36d410c\" data-element_type=\"container\" data-e-type=\"container\" data-settings=\"{&quot;background_background&quot;:&quot;classic&quot;}\" href=\"https:\/\/renovagroupsrl.com\/fr\/progetti\/antic-boutik\/\">\n\t\t\t\t<\/a>\n\t\t\t\t<div class=\"elementor-element elementor-element-ff69b35 elementor-widget elementor-widget-theme-post-title elementor-page-title elementor-widget-heading\" data-id=\"ff69b35\" data-element_type=\"widget\" data-e-type=\"widget\" data-widget_type=\"theme-post-title.default\">\n\t\t\t\t<div class=\"elementor-widget-container\">\n\t\t\t\t\t<h2 class=\"elementor-heading-title elementor-size-default\"><a href=\"https:\/\/renovagroupsrl.com\/fr\/progetti\/antic-boutik\/\">Antic Boutik<\/a><\/h2>\t\t\t\t<\/div>\n\t\t\t\t<\/div>\n\t\t\t\t\t<\/div>\n\t\t\t\t<\/div>\n\t\t\t\t<\/div>\n\t\t<style id=\"loop-dynamic-277\">.e-loop-item-854 .elementor-element.elementor-element-36d410c:not(.elementor-motion-effects-element-type-background), .e-loop-item-854 .elementor-element.elementor-element-36d410c > .elementor-motion-effects-container > .elementor-motion-effects-layer{background-image:url(\"https:\/\/renovagroupsrl.com\/wp-content\/uploads\/2024\/02\/renova-group-progetto-la-maison-du-soleil-3.jpg\");}<\/style>\t\t<div data-elementor-type=\"loop-item\" data-elementor-id=\"277\" class=\"elementor elementor-277 e-loop-item e-loop-item-854 post-854 progetti type-progetti status-publish has-post-thumbnail hentry\" data-elementor-post-type=\"elementor_library\" data-custom-edit-handle=\"1\">\n\t\t\t<div class=\"elementor-element elementor-element-d1b6885 e-flex e-con-boxed e-con e-parent\" data-id=\"d1b6885\" data-element_type=\"container\" data-e-type=\"container\">\n\t\t\t\t\t<div class=\"e-con-inner\">\n\t\t<a class=\"elementor-element elementor-element-36d410c e-con-full e-flex e-con e-child\" data-id=\"36d410c\" data-element_type=\"container\" data-e-type=\"container\" data-settings=\"{&quot;background_background&quot;:&quot;classic&quot;}\" href=\"https:\/\/renovagroupsrl.com\/fr\/progetti\/la-maison-du-soleil\/\">\n\t\t\t\t<\/a>\n\t\t\t\t<div class=\"elementor-element elementor-element-ff69b35 elementor-widget elementor-widget-theme-post-title elementor-page-title elementor-widget-heading\" data-id=\"ff69b35\" data-element_type=\"widget\" data-e-type=\"widget\" data-widget_type=\"theme-post-title.default\">\n\t\t\t\t<div class=\"elementor-widget-container\">\n\t\t\t\t\t<h2 class=\"elementor-heading-title elementor-size-default\"><a href=\"https:\/\/renovagroupsrl.com\/fr\/progetti\/la-maison-du-soleil\/\">La Maison du Soleil<\/a><\/h2>\t\t\t\t<\/div>\n\t\t\t\t<\/div>\n\t\t\t\t\t<\/div>\n\t\t\t\t<\/div>\n\t\t\t\t<\/div>\n\t\t<style id=\"loop-dynamic-277\">.e-loop-item-855 .elementor-element.elementor-element-36d410c:not(.elementor-motion-effects-element-type-background), .e-loop-item-855 .elementor-element.elementor-element-36d410c > .elementor-motion-effects-container > .elementor-motion-effects-layer{background-image:url(\"https:\/\/renovagroupsrl.com\/wp-content\/uploads\/2024\/02\/renova-group-progetto-villa-alma-6.jpg\");}<\/style>\t\t<div data-elementor-type=\"loop-item\" data-elementor-id=\"277\" class=\"elementor elementor-277 e-loop-item e-loop-item-855 post-855 progetti type-progetti status-publish has-post-thumbnail hentry\" data-elementor-post-type=\"elementor_library\" data-custom-edit-handle=\"1\">\n\t\t\t<div class=\"elementor-element elementor-element-d1b6885 e-flex e-con-boxed e-con e-parent\" data-id=\"d1b6885\" data-element_type=\"container\" data-e-type=\"container\">\n\t\t\t\t\t<div class=\"e-con-inner\">\n\t\t<a class=\"elementor-element elementor-element-36d410c e-con-full e-flex e-con e-child\" data-id=\"36d410c\" data-element_type=\"container\" data-e-type=\"container\" data-settings=\"{&quot;background_background&quot;:&quot;classic&quot;}\" href=\"https:\/\/renovagroupsrl.com\/fr\/progetti\/villa-alma\/\">\n\t\t\t\t<\/a>\n\t\t\t\t<div class=\"elementor-element elementor-element-ff69b35 elementor-widget elementor-widget-theme-post-title elementor-page-title elementor-widget-heading\" data-id=\"ff69b35\" data-element_type=\"widget\" data-e-type=\"widget\" data-widget_type=\"theme-post-title.default\">\n\t\t\t\t<div class=\"elementor-widget-container\">\n\t\t\t\t\t<h2 class=\"elementor-heading-title elementor-size-default\"><a href=\"https:\/\/renovagroupsrl.com\/fr\/progetti\/villa-alma\/\">Villa Alma<\/a><\/h2>\t\t\t\t<\/div>\n\t\t\t\t<\/div>\n\t\t\t\t\t<\/div>\n\t\t\t\t<\/div>\n\t\t\t\t<\/div>\n\t\t\t\t<\/div>\n\t\t\n\t\t\t\t\t\t<\/div>\n\t\t\t\t<\/div>\n\t\t\t\t<\/div>\n\t\t\t\t<\/div>\n\t\t","protected":false},"excerpt":{"rendered":"<p>PROJETS R\u00c9ALIS\u00c9S D\u00e9couvrez quelques-uns des derniers projets r\u00e9alis\u00e9s pour nos clients, cr\u00e9\u00e9s en combinant leurs demandes avec nos exp\u00e9rience d\u00e9cennale dans le secteur du b\u00e2timent.<\/p>\n","protected":false},"author":1,"featured_media":0,"parent":0,"menu_order":0,"comment_status":"closed","ping_status":"closed","template":"","meta":{"_acf_changed":false,"slim_seo":{"title":"Villa Alma - Renova Group Srl","description":""},"footnotes":""},"class_list":["post-820","page","type-page","status-publish","hentry"],"acf":[],"_links":{"self":[{"href":"https:\/\/renovagroupsrl.com\/fr\/wp-json\/wp\/v2\/pages\/820","targetHints":{"allow":["GET"]}}],"collection":[{"href":"https:\/\/renovagroupsrl.com\/fr\/wp-json\/wp\/v2\/pages"}],"about":[{"href":"https:\/\/renovagroupsrl.com\/fr\/wp-json\/wp\/v2\/types\/page"}],"author":[{"embeddable":true,"href":"https:\/\/renovagroupsrl.com\/fr\/wp-json\/wp\/v2\/users\/1"}],"replies":[{"embeddable":true,"href":"https:\/\/renovagroupsrl.com\/fr\/wp-json\/wp\/v2\/comments?post=820"}],"version-history":[{"count":4,"href":"https:\/\/renovagroupsrl.com\/fr\/wp-json\/wp\/v2\/pages\/820\/revisions"}],"predecessor-version":[{"id":824,"href":"https:\/\/renovagroupsrl.com\/fr\/wp-json\/wp\/v2\/pages\/820\/revisions\/824"}],"wp:attachment":[{"href":"https:\/\/renovagroupsrl.com\/fr\/wp-json\/wp\/v2\/media?parent=820"}],"curies":[{"name":"wp","href":"https:\/\/api.w.org\/{rel}","templated":true}]}}