{"id":825,"date":"2024-02-06T16:15:20","date_gmt":"2024-02-06T16:15:20","guid":{"rendered":"https:\/\/renovagroupsrl.com\/?page_id=825"},"modified":"2024-06-04T14:04:11","modified_gmt":"2024-06-04T14:04:11","slug":"polyexpanse","status":"publish","type":"page","link":"https:\/\/renovagroupsrl.com\/fr\/polyexpanse\/","title":{"rendered":"Polyexpans\u00e9"},"content":{"rendered":"\t\t<div data-elementor-type=\"wp-page\" data-elementor-id=\"825\" class=\"elementor elementor-825 elementor-612\" data-elementor-post-type=\"page\">\n\t\t\t\t<div class=\"elementor-element elementor-element-8848e7e e-flex e-con-boxed e-con e-parent\" data-id=\"8848e7e\" data-element_type=\"container\" data-e-type=\"container\">\n\t\t\t\t\t<div class=\"e-con-inner\">\n\t\t\t\t<div class=\"elementor-element elementor-element-dedaf04 elementor-widget elementor-widget-heading\" data-id=\"dedaf04\" data-element_type=\"widget\" data-e-type=\"widget\" data-widget_type=\"heading.default\">\n\t\t\t\t<div class=\"elementor-widget-container\">\n\t\t\t\t\t<h1 class=\"elementor-heading-title elementor-size-default\">D\u00c9COUVREZ LES NOUVEAUT\u00c9S DU SYST\u00c8ME DE CONSTRUCTION POLYEXPANS\u00c9 <\/h1>\t\t\t\t<\/div>\n\t\t\t\t<\/div>\n\t\t\t\t<div class=\"elementor-element elementor-element-9c83519 elementor-widget elementor-widget-heading\" data-id=\"9c83519\" data-element_type=\"widget\" data-e-type=\"widget\" data-widget_type=\"heading.default\">\n\t\t\t\t<div class=\"elementor-widget-container\">\n\t\t\t\t\t<p class=\"elementor-heading-title elementor-size-default\">Gr\u00e2ce \u00e0 <strong>Renova<\/strong>, nous apportons les techniques de r\u00e9novation les plus innovantes au monde de la construction. C'est pourquoi nos clients ont toujours la possibilit\u00e9 de choisir le syst\u00e8me de <strong>construction polyexpans\u00e9<\/strong>.<\/p>\t\t\t\t<\/div>\n\t\t\t\t<\/div>\n\t\t\t\t<div class=\"elementor-element elementor-element-36a2dce elementor-widget-divider--view-line elementor-widget elementor-widget-divider\" data-id=\"36a2dce\" data-element_type=\"widget\" data-e-type=\"widget\" data-widget_type=\"divider.default\">\n\t\t\t\t<div class=\"elementor-widget-container\">\n\t\t\t\t\t\t\t<div class=\"elementor-divider\">\n\t\t\t<span class=\"elementor-divider-separator\">\n\t\t\t\t\t\t<\/span>\n\t\t<\/div>\n\t\t\t\t\t\t<\/div>\n\t\t\t\t<\/div>\n\t\t\t\t\t<\/div>\n\t\t\t\t<\/div>\n\t\t<div class=\"elementor-element elementor-element-d18ac08 e-flex e-con-boxed e-con e-parent\" data-id=\"d18ac08\" data-element_type=\"container\" data-e-type=\"container\">\n\t\t\t\t\t<div class=\"e-con-inner\">\n\t\t<div class=\"elementor-element elementor-element-8fa4c92 e-con-full e-flex e-con e-child\" data-id=\"8fa4c92\" data-element_type=\"container\" data-e-type=\"container\">\n\t\t\t\t<div class=\"elementor-element elementor-element-5fbeb25 elementor-widget elementor-widget-text-editor\" data-id=\"5fbeb25\" data-element_type=\"widget\" data-e-type=\"widget\" data-widget_type=\"text-editor.default\">\n\t\t\t\t<div class=\"elementor-widget-container\">\n\t\t\t\t\t\t\t\t\t<p>Constitu\u00e9e de l&rsquo;union de polystyr\u00e8ne expans\u00e9 et de profil\u00e9s m\u00e9talliques, cette <strong>technologie r\u00e9volutionnaire<\/strong> permet d&rsquo;optimiser au maximum chaque phase du processus de fabrication.<br \/>Sa <strong>l\u00e9g\u00e8ret\u00e9<\/strong> exceptionnelle, combin\u00e9e \u00e0 la <strong>flexibilit\u00e9 d&rsquo;utilisation<\/strong> et \u00e0 la <strong>s\u00e9curit\u00e9<\/strong>, donne forme \u00e0 des constructions de faible poids, avec par cons\u00e9quent une r\u00e9duction des contraintes sur les fondations.<\/p><p>Mais ce n&rsquo;est pas tout. Parmi les autres avantages du syst\u00e8me constructif Poliexpans\u00e9 figurent :<br \/>\u2022 <strong>Simplicit\u00e9 d&rsquo;installation<\/strong><br \/>\u2022 <strong>\u00c9co-durabilit\u00e9<\/strong><br \/>\u2022 <strong>Couts surs<\/strong><\/p>\t\t\t\t\t\t\t\t<\/div>\n\t\t\t\t<\/div>\n\t\t\t\t<\/div>\n\t\t<div class=\"elementor-element elementor-element-7d58b04 e-con-full e-flex e-con e-child\" data-id=\"7d58b04\" data-element_type=\"container\" data-e-type=\"container\">\n\t\t\t\t<div class=\"elementor-element elementor-element-7fb8907 elementor-widget elementor-widget-image\" data-id=\"7fb8907\" data-element_type=\"widget\" data-e-type=\"widget\" data-widget_type=\"image.default\">\n\t\t\t\t<div class=\"elementor-widget-container\">\n\t\t\t\t\t\t\t\t\t\t\t\t\t\t\t<img fetchpriority=\"high\" decoding=\"async\" width=\"1050\" height=\"702\" src=\"https:\/\/renovagroupsrl.com\/wp-content\/uploads\/2024\/02\/renova-group-sistema-costruttivo-poiespanso.png\" class=\"attachment-full size-full wp-image-794\" alt=\"Renova group sistema costruttivo poiespanso\" srcset=\"https:\/\/renovagroupsrl.com\/wp-content\/uploads\/2024\/02\/renova-group-sistema-costruttivo-poiespanso.png 1050w, https:\/\/renovagroupsrl.com\/wp-content\/uploads\/2024\/02\/renova-group-sistema-costruttivo-poiespanso-300x201.png 300w, https:\/\/renovagroupsrl.com\/wp-content\/uploads\/2024\/02\/renova-group-sistema-costruttivo-poiespanso-1024x685.png 1024w, https:\/\/renovagroupsrl.com\/wp-content\/uploads\/2024\/02\/renova-group-sistema-costruttivo-poiespanso-768x513.png 768w\" sizes=\"(max-width: 1050px) 100vw, 1050px\" \/>\t\t\t\t\t\t\t\t\t\t\t\t\t\t\t<\/div>\n\t\t\t\t<\/div>\n\t\t\t\t<\/div>\n\t\t\t\t\t<\/div>\n\t\t\t\t<\/div>\n\t\t<div class=\"elementor-element elementor-element-8de75b5 e-flex e-con-boxed e-con e-parent\" data-id=\"8de75b5\" data-element_type=\"container\" data-e-type=\"container\">\n\t\t\t\t\t<div class=\"e-con-inner\">\n\t\t\t\t<div class=\"elementor-element elementor-element-83bd295 elementor-widget elementor-widget-text-editor\" data-id=\"83bd295\" data-element_type=\"widget\" data-e-type=\"widget\" data-widget_type=\"text-editor.default\">\n\t\t\t\t<div class=\"elementor-widget-container\">\n\t\t\t\t\t\t\t\t\t<p>Le mat\u00e9riau utilis\u00e9 est en effet facile \u00e0 travailler, une caract\u00e9ristique qui, combin\u00e9e \u00e0 une logistique simplifi\u00e9e, permet de <strong>r\u00e9duire les d\u00e9lais de construction de 30 %<\/strong>. De plus, \u00e0 la fin de l&rsquo;intervention, il poss\u00e8de une extraordinaire capacit\u00e9 d&rsquo;isolation thermique, contribuant aux <strong>\u00e9conomies d&rsquo;\u00e9nergie<\/strong> et \u00e0 la r\u00e9duction des \u00e9missions de gaz \u00e0 effet de serre.<\/p><p>\u00c0 cela s\u2019ajoute \u00e9galement l\u2019importance d\u2019une <strong>pr\u00e9vision pr\u00e9cise des d\u00e9penses<\/strong>, rendue possible gr\u00e2ce aux g\u00e9om\u00e9tries pr\u00e9cises du produit qui perfectionnent les calculs et \u00e9liminent les risques de co\u00fbts impr\u00e9vus.<\/p>\t\t\t\t\t\t\t\t<\/div>\n\t\t\t\t<\/div>\n\t\t\t\t<div class=\"elementor-element elementor-element-8d791f0 elementor-widget elementor-widget-gallery\" data-id=\"8d791f0\" data-element_type=\"widget\" data-e-type=\"widget\" data-settings=\"{&quot;columns&quot;:3,&quot;aspect_ratio&quot;:&quot;1:1&quot;,&quot;lazyload&quot;:&quot;yes&quot;,&quot;gallery_layout&quot;:&quot;grid&quot;,&quot;columns_tablet&quot;:2,&quot;columns_mobile&quot;:1,&quot;gap&quot;:{&quot;unit&quot;:&quot;px&quot;,&quot;size&quot;:10,&quot;sizes&quot;:[]},&quot;gap_tablet&quot;:{&quot;unit&quot;:&quot;px&quot;,&quot;size&quot;:10,&quot;sizes&quot;:[]},&quot;gap_mobile&quot;:{&quot;unit&quot;:&quot;px&quot;,&quot;size&quot;:10,&quot;sizes&quot;:[]},&quot;link_to&quot;:&quot;file&quot;,&quot;content_hover_animation&quot;:&quot;fade-in&quot;}\" data-widget_type=\"gallery.default\">\n\t\t\t\t<div class=\"elementor-widget-container\">\n\t\t\t\t\t\t\t<div class=\"elementor-gallery__container\">\n\t\t\t\t\t\t\t<a class=\"e-gallery-item elementor-gallery-item elementor-animated-content\" href=\"https:\/\/renovagroupsrl.com\/wp-content\/uploads\/2024\/02\/renova-group-poliespanso-1.jpg\" data-elementor-open-lightbox=\"yes\" data-elementor-lightbox-slideshow=\"8d791f0\" data-elementor-lightbox-title=\"renova-group-poliespanso-1\" data-e-action-hash=\"#elementor-action%3Aaction%3Dlightbox%26settings%3DeyJpZCI6NjcxLCJ1cmwiOiJodHRwczpcL1wvcmVub3ZhZ3JvdXBzcmwuY29tXC93cC1jb250ZW50XC91cGxvYWRzXC8yMDI0XC8wMlwvcmVub3ZhLWdyb3VwLXBvbGllc3BhbnNvLTEuanBnIiwic2xpZGVzaG93IjoiOGQ3OTFmMCJ9\">\n\t\t\t\t\t<div class=\"e-gallery-image elementor-gallery-item__image\" data-thumbnail=\"https:\/\/renovagroupsrl.com\/wp-content\/uploads\/2024\/02\/renova-group-poliespanso-1.jpg\" data-width=\"750\" data-height=\"1000\" aria-label=\"\" role=\"img\" ><\/div>\n\t\t\t\t\t\t\t\t\t\t\t\t\t\t<\/a>\n\t\t\t\t\t\t\t<a class=\"e-gallery-item elementor-gallery-item elementor-animated-content\" href=\"https:\/\/renovagroupsrl.com\/wp-content\/uploads\/2024\/02\/renova-group-poliespanso-2.jpg\" data-elementor-open-lightbox=\"yes\" data-elementor-lightbox-slideshow=\"8d791f0\" data-elementor-lightbox-title=\"renova-group-poliespanso-2\" data-e-action-hash=\"#elementor-action%3Aaction%3Dlightbox%26settings%3DeyJpZCI6NjcyLCJ1cmwiOiJodHRwczpcL1wvcmVub3ZhZ3JvdXBzcmwuY29tXC93cC1jb250ZW50XC91cGxvYWRzXC8yMDI0XC8wMlwvcmVub3ZhLWdyb3VwLXBvbGllc3BhbnNvLTIuanBnIiwic2xpZGVzaG93IjoiOGQ3OTFmMCJ9\">\n\t\t\t\t\t<div class=\"e-gallery-image elementor-gallery-item__image\" data-thumbnail=\"https:\/\/renovagroupsrl.com\/wp-content\/uploads\/2024\/02\/renova-group-poliespanso-2.jpg\" data-width=\"750\" data-height=\"1000\" aria-label=\"\" role=\"img\" ><\/div>\n\t\t\t\t\t\t\t\t\t\t\t\t\t\t<\/a>\n\t\t\t\t\t\t\t<a class=\"e-gallery-item elementor-gallery-item elementor-animated-content\" href=\"https:\/\/renovagroupsrl.com\/wp-content\/uploads\/2024\/02\/renova-group-poliespanso-3.jpg\" data-elementor-open-lightbox=\"yes\" data-elementor-lightbox-slideshow=\"8d791f0\" data-elementor-lightbox-title=\"renova-group-poliespanso-3\" data-e-action-hash=\"#elementor-action%3Aaction%3Dlightbox%26settings%3DeyJpZCI6NjczLCJ1cmwiOiJodHRwczpcL1wvcmVub3ZhZ3JvdXBzcmwuY29tXC93cC1jb250ZW50XC91cGxvYWRzXC8yMDI0XC8wMlwvcmVub3ZhLWdyb3VwLXBvbGllc3BhbnNvLTMuanBnIiwic2xpZGVzaG93IjoiOGQ3OTFmMCJ9\">\n\t\t\t\t\t<div class=\"e-gallery-image elementor-gallery-item__image\" data-thumbnail=\"https:\/\/renovagroupsrl.com\/wp-content\/uploads\/2024\/02\/renova-group-poliespanso-3.jpg\" data-width=\"677\" data-height=\"1000\" aria-label=\"\" role=\"img\" ><\/div>\n\t\t\t\t\t\t\t\t\t\t\t\t\t\t<\/a>\n\t\t\t\t\t<\/div>\n\t\t\t\t\t<\/div>\n\t\t\t\t<\/div>\n\t\t\t\t<div class=\"elementor-element elementor-element-ce7c50a elementor-widget-divider--view-line elementor-widget elementor-widget-divider\" data-id=\"ce7c50a\" data-element_type=\"widget\" data-e-type=\"widget\" data-widget_type=\"divider.default\">\n\t\t\t\t<div class=\"elementor-widget-container\">\n\t\t\t\t\t\t\t<div class=\"elementor-divider\">\n\t\t\t<span class=\"elementor-divider-separator\">\n\t\t\t\t\t\t<\/span>\n\t\t<\/div>\n\t\t\t\t\t\t<\/div>\n\t\t\t\t<\/div>\n\t\t\t\t\t<\/div>\n\t\t\t\t<\/div>\n\t\t<div class=\"elementor-element elementor-element-423cfad e-flex e-con-boxed e-con e-parent\" data-id=\"423cfad\" data-element_type=\"container\" data-e-type=\"container\">\n\t\t\t\t\t<div class=\"e-con-inner\">\n\t\t<div class=\"elementor-element elementor-element-d99179c e-con-full e-flex e-con e-child\" data-id=\"d99179c\" data-element_type=\"container\" data-e-type=\"container\">\n\t\t\t\t<div class=\"elementor-element elementor-element-6b3d0d9 elementor-widget elementor-widget-heading\" data-id=\"6b3d0d9\" data-element_type=\"widget\" data-e-type=\"widget\" data-widget_type=\"heading.default\">\n\t\t\t\t<div class=\"elementor-widget-container\">\n\t\t\t\t\t<h2 class=\"elementor-heading-title elementor-size-default\">Le syst\u00e8me constructif Polyexpans\u00e9 peut-il \u00eatre int\u00e9gr\u00e9 \u00e0 votre projet ?<\/h2>\t\t\t\t<\/div>\n\t\t\t\t<\/div>\n\t\t\t\t<div class=\"elementor-element elementor-element-dbb1547 elementor-widget elementor-widget-text-editor\" data-id=\"dbb1547\" data-element_type=\"widget\" data-e-type=\"widget\" data-widget_type=\"text-editor.default\">\n\t\t\t\t<div class=\"elementor-widget-container\">\n\t\t\t\t\t\t\t\t\t<p>Explorez d\u00e8s maintenant toutes les possibilit\u00e9s d\u2019utilisation du syst\u00e8me constructif Polyexpans\u00e9. <strong>Contactez-nous sans engagement<\/strong> pour d\u00e9couvrir comment il peut r\u00e9volutionner vos projets, en r\u00e9duisant les co\u00fbts et les d\u00e9lais de r\u00e9novation.<\/p>\t\t\t\t\t\t\t\t<\/div>\n\t\t\t\t<\/div>\n\t\t\t\t<div class=\"elementor-element elementor-element-63bd31a elementor-align-left elementor-widget elementor-widget-button\" data-id=\"63bd31a\" data-element_type=\"widget\" data-e-type=\"widget\" data-widget_type=\"button.default\">\n\t\t\t\t<div class=\"elementor-widget-container\">\n\t\t\t\t\t\t\t\t\t<div class=\"elementor-button-wrapper\">\n\t\t\t\t\t<a class=\"elementor-button elementor-button-link elementor-size-lg\" href=\"https:\/\/renovagroupsrl.com\/fr\/contacts\/\">\n\t\t\t\t\t\t<span class=\"elementor-button-content-wrapper\">\n\t\t\t\t\t\t<span class=\"elementor-button-icon\">\n\t\t\t\t<svg xmlns=\"http:\/\/www.w3.org\/2000\/svg\" xmlns:xlink=\"http:\/\/www.w3.org\/1999\/xlink\" id=\"Arrow\" x=\"0px\" y=\"0px\" viewBox=\"0 0 42.8 18\" style=\"enable-background:new 0 0 42.8 18;\" xml:space=\"preserve\"><g id=\"Raggruppa_2\">\t<path id=\"Tracciato_1\" d=\"M42.8,9c0-0.2-0.1-0.5-0.3-0.7L35,0.3c-0.4-0.4-1-0.4-1.3,0c0,0,0,0,0,0c-0.4,0.4-0.4,1,0,1.3l6.1,6.5  H0.9C0.4,8.1,0,8.5,0,9c0,0.5,0.4,0.9,0.9,0.9h38.7l-6.1,6.5c-0.3,0.4-0.3,1,0,1.3c0.4,0.4,1,0.3,1.3,0c0,0,0,0,0,0l7.6-8.1  C42.7,9.5,42.8,9.2,42.8,9L42.8,9z\"><\/path><\/g><\/svg>\t\t\t<\/span>\n\t\t\t\t\t\t\t\t\t<span class=\"elementor-button-text\">Demandez des informations<\/span>\n\t\t\t\t\t<\/span>\n\t\t\t\t\t<\/a>\n\t\t\t\t<\/div>\n\t\t\t\t\t\t\t\t<\/div>\n\t\t\t\t<\/div>\n\t\t\t\t<\/div>\n\t\t\t\t\t<\/div>\n\t\t\t\t<\/div>\n\t\t\t\t<\/div>\n\t\t","protected":false},"excerpt":{"rendered":"<p>D\u00c9COUVREZ LES NOUVEAUT\u00c9S DU SYST\u00c8ME DE CONSTRUCTION POLYEXPANS\u00c9 Gr\u00e2ce \u00e0 Renova, nous apportons les techniques de r\u00e9novation les plus innovantes au monde de la construction. C&rsquo;est pourquoi nos clients ont toujours la possibilit\u00e9 de choisir le syst\u00e8me de construction polyexpans\u00e9. Constitu\u00e9e de l&rsquo;union de polystyr\u00e8ne expans\u00e9 et de profil\u00e9s m\u00e9talliques, cette technologie r\u00e9volutionnaire permet d&rsquo;optimiser [&hellip;]<\/p>\n","protected":false},"author":1,"featured_media":0,"parent":0,"menu_order":0,"comment_status":"closed","ping_status":"closed","template":"","meta":{"_acf_changed":false,"slim_seo":{"title":"Polyexpans\u00e9 - Renova Group Srl","description":"D\u00c9COUVREZ LES NOUVEAUT\u00c9S DU SYST\u00c8ME DE CONSTRUCTION POLYEXPANS\u00c9 Gr\u00e2ce \u00e0 Renova , nous apportons les techniques de r\u00e9novation les plus innovantes au monde de la"},"footnotes":""},"class_list":["post-825","page","type-page","status-publish","hentry"],"acf":[],"_links":{"self":[{"href":"https:\/\/renovagroupsrl.com\/fr\/wp-json\/wp\/v2\/pages\/825","targetHints":{"allow":["GET"]}}],"collection":[{"href":"https:\/\/renovagroupsrl.com\/fr\/wp-json\/wp\/v2\/pages"}],"about":[{"href":"https:\/\/renovagroupsrl.com\/fr\/wp-json\/wp\/v2\/types\/page"}],"author":[{"embeddable":true,"href":"https:\/\/renovagroupsrl.com\/fr\/wp-json\/wp\/v2\/users\/1"}],"replies":[{"embeddable":true,"href":"https:\/\/renovagroupsrl.com\/fr\/wp-json\/wp\/v2\/comments?post=825"}],"version-history":[{"count":7,"href":"https:\/\/renovagroupsrl.com\/fr\/wp-json\/wp\/v2\/pages\/825\/revisions"}],"predecessor-version":[{"id":869,"href":"https:\/\/renovagroupsrl.com\/fr\/wp-json\/wp\/v2\/pages\/825\/revisions\/869"}],"wp:attachment":[{"href":"https:\/\/renovagroupsrl.com\/fr\/wp-json\/wp\/v2\/media?parent=825"}],"curies":[{"name":"wp","href":"https:\/\/api.w.org\/{rel}","templated":true}]}}